{"id":1187,"date":"2022-05-26T12:52:29","date_gmt":"2022-05-26T15:52:29","guid":{"rendered":"https:\/\/www.humanitar.com.br\/?page_id=1187"},"modified":"2023-06-01T21:12:20","modified_gmt":"2023-06-02T00:12:20","slug":"gol-de-letra","status":"publish","type":"page","link":"https:\/\/www.humanitar.com.br\/?page_id=1187","title":{"rendered":"Gol de Letra"},"content":{"rendered":"<div id='av-layout-grid-1'  class='av-layout-grid-container entry-content-wrapper main_color av-flex-cells     avia-builder-el-0  avia-builder-el-no-sibling  container_wrap sidebar_right' style=' '  >\n<div class=\"flex_cell no_margin av_one_half  avia-builder-el-1  el_before_av_cell_one_half  avia-builder-el-first   \"  style='vertical-align:top; padding:80px 7% 30px 10% ; ' ><div class='flex_cell_inner' ><div class=\"flex_column av_one_full  flex_column_div av-zero-column-padding first  avia-builder-el-2  avia-builder-el-no-sibling  \" style='border-radius:0px; '><p><div  style='padding-bottom:0px; color:#033086;font-size:48px;' class='av-special-heading av-special-heading-h2 custom-color-heading blockquote modern-quote  avia-builder-el-3  el_before_av_textblock  avia-builder-el-first  av-inherit-size '><div class ='av-subheading av-subheading_above av_custom_color ' style='font-size:15px;'><p><span style=\"letter-spacing: 15px;\">PARCERIA<\/span><\/p>\n<\/div><h2 class='av-special-heading-tag '  itemprop=\"headline\"  >Funda\u00e7\u00e3o Gol de Letra<\/h2><div class='special-heading-border'><div class='special-heading-inner-border' style='border-color:#033086'><\/div><\/div><\/div><br \/>\n<section class=\"av_textblock_section \"  itemscope=\"itemscope\" itemtype=\"https:\/\/schema.org\/CreativeWork\" ><div class='avia_textblock  av_inherit_color '  style='font-size:24px; color:#1ca001; '  itemprop=\"text\" ><p><strong>Uma das institui\u00e7\u00f5es mais importantes e premiadas do Brasil.<\/strong><\/p>\n<\/div><\/section><br \/>\n<div  style='height:10px' class='hr hr-invisible   avia-builder-el-5  el_after_av_textblock  el_before_av_textblock '><span class='hr-inner ' ><span class='hr-inner-style'><\/span><\/span><\/div><br \/>\n<section class=\"av_textblock_section \"  itemscope=\"itemscope\" itemtype=\"https:\/\/schema.org\/CreativeWork\" ><div class='avia_textblock  '   itemprop=\"text\" ><p><img decoding=\"async\" style=\"width: 200px;\" src=\"https:\/\/www.goldeletra.org.br\/wp-content\/uploads\/2020\/01\/logo.svg\" \/><\/p>\n<p>Nascida do sonho dos Tricampe\u00f5es mundiais Ra\u00ed e Leonardo foi vencedora do Pr\u00eamio Melhores ONGS de 2021 na categoria ESPORTES.<\/p>\n<p>O <strong>Grupo Humanitar vai iniciar neste dia 28 de maio uma parceria<\/strong><strong>para levar atendimento m\u00e9dico de qualidade<\/strong> a popula\u00e7\u00e3o de crian\u00e7as e jovens de comunidades em situa\u00e7\u00e3o vulner\u00e1vel.<\/p>\n<p>Nossos <strong>profissionais m\u00e9dicos<\/strong> ir\u00e3o participar dessa a\u00e7\u00e3o colaborando para que a sa\u00fade desses nossos irm\u00e3os brasileiros receba todo cuidado necess\u00e1rio.<\/p>\n<\/div><\/section><br \/>\n<div  style='height:50px' class='hr hr-invisible   avia-builder-el-7  el_after_av_textblock  el_before_av_button '><span class='hr-inner ' ><span class='hr-inner-style'><\/span><\/span><\/div><br \/>\n<div  class='avia-button-wrap avia-button-left  avia-builder-el-8  el_after_av_hr  el_before_av_hr  whats' ><a href='https:\/\/www.goldeletra.org.br\/' class='avia-button  avia-color-theme-color-highlight   avia-icon_select-no avia-size-large avia-position-left ' target=\"_blank\" rel=\"noopener noreferrer\"><span class='avia_iconbox_title' >Conhe\u00e7a a Funda\u00e7\u00e3o<\/span><\/a><\/div><br \/>\n<div  style='height:50px' class='hr hr-invisible   avia-builder-el-9  el_after_av_button  avia-builder-el-last '><span class='hr-inner ' ><span class='hr-inner-style'><\/span><\/span><\/div><\/p><\/div>\n<\/div><\/div><div class=\"flex_cell no_margin av_one_half  avia-builder-el-10  el_after_av_cell_one_half  avia-builder-el-last   \"  style='background: #033086; vertical-align:top; padding:170px 8% 30px 90px ; background-color:#033086; ' ><div class='flex_cell_inner' ><div class=\"flex_column av_one_full  flex_column_div av-zero-column-padding first  avia-builder-el-11  avia-builder-el-no-sibling  \" style='border-radius:0px; '><div  class='avia-video avia-video-16-9 avia-video-html5  '   itemprop=\"video\" itemtype=\"https:\/\/schema.org\/VideoObject\"  data-original_url='https:\/\/www.humanitar.com.br\/wp-content\/uploads\/2023\/06\/GDL_POST3_LKDN_light.mp4' ><video class='avia_video'    preload=\"auto\"  controls id='player_1187_1914007898_62346954'><source src=\"https:\/\/www.humanitar.com.br\/wp-content\/uploads\/2023\/06\/GDL_POST3_LKDN_light.mp4\" type=\"video\/mp4\" \/><\/video><\/div><\/div>\n<\/div><\/div><\/div>\n","protected":false},"excerpt":{"rendered":"","protected":false},"author":1,"featured_media":0,"parent":0,"menu_order":0,"comment_status":"closed","ping_status":"closed","template":"","meta":{"footnotes":""},"class_list":["post-1187","page","type-page","status-publish","hentry"],"yoast_head":"<!-- This site is optimized with the Yoast SEO plugin v26.7 - https:\/\/yoast.com\/wordpress\/plugins\/seo\/ -->\n<title>Gol de Letra - Humanitar<\/title>\n<meta name=\"description\" content=\"O grupo Humanitar utiliza tecnologia e melhores pr\u00e1ticas de gest\u00e3o para garantir uma entrega de alta qualidade. - Saiba mais!\" \/>\n<meta name=\"robots\" content=\"index, follow, max-snippet:-1, max-image-preview:large, max-video-preview:-1\" \/>\n<link rel=\"canonical\" href=\"https:\/\/www.humanitar.com.br\/?page_id=1187\" \/>\n<meta property=\"og:locale\" content=\"pt_BR\" \/>\n<meta property=\"og:type\" content=\"article\" \/>\n<meta property=\"og:title\" content=\"Gol de Letra - Humanitar\" \/>\n<meta property=\"og:description\" content=\"O grupo Humanitar utiliza tecnologia e melhores pr\u00e1ticas de gest\u00e3o para garantir uma entrega de alta qualidade. - Saiba mais!\" \/>\n<meta property=\"og:url\" content=\"https:\/\/www.humanitar.com.br\/?page_id=1187\" \/>\n<meta property=\"og:site_name\" content=\"Humanitar\" \/>\n<meta property=\"article:modified_time\" content=\"2023-06-02T00:12:20+00:00\" \/>\n<meta property=\"og:image\" content=\"https:\/\/www.goldeletra.org.br\/wp-content\/uploads\/2020\/01\/logo.svg\" \/>\n<meta name=\"twitter:card\" content=\"summary_large_image\" \/>\n<meta name=\"twitter:label1\" content=\"Est. tempo de leitura\" \/>\n\t<meta name=\"twitter:data1\" content=\"3 minutos\" \/>\n<script type=\"application\/ld+json\" class=\"yoast-schema-graph\">{\"@context\":\"https:\/\/schema.org\",\"@graph\":[{\"@type\":\"WebPage\",\"@id\":\"https:\/\/www.humanitar.com.br\/?page_id=1187\",\"url\":\"https:\/\/www.humanitar.com.br\/?page_id=1187\",\"name\":\"Gol de Letra - Humanitar\",\"isPartOf\":{\"@id\":\"https:\/\/www.humanitar.com.br\/#website\"},\"primaryImageOfPage\":{\"@id\":\"https:\/\/www.humanitar.com.br\/?page_id=1187#primaryimage\"},\"image\":{\"@id\":\"https:\/\/www.humanitar.com.br\/?page_id=1187#primaryimage\"},\"thumbnailUrl\":\"https:\/\/www.goldeletra.org.br\/wp-content\/uploads\/2020\/01\/logo.svg\",\"datePublished\":\"2022-05-26T15:52:29+00:00\",\"dateModified\":\"2023-06-02T00:12:20+00:00\",\"description\":\"O grupo Humanitar utiliza tecnologia e melhores pr\u00e1ticas de gest\u00e3o para garantir uma entrega de alta qualidade. - Saiba mais!\",\"breadcrumb\":{\"@id\":\"https:\/\/www.humanitar.com.br\/?page_id=1187#breadcrumb\"},\"inLanguage\":\"pt-BR\",\"potentialAction\":[{\"@type\":\"ReadAction\",\"target\":[\"https:\/\/www.humanitar.com.br\/?page_id=1187\"]}]},{\"@type\":\"ImageObject\",\"inLanguage\":\"pt-BR\",\"@id\":\"https:\/\/www.humanitar.com.br\/?page_id=1187#primaryimage\",\"url\":\"https:\/\/www.goldeletra.org.br\/wp-content\/uploads\/2020\/01\/logo.svg\",\"contentUrl\":\"https:\/\/www.goldeletra.org.br\/wp-content\/uploads\/2020\/01\/logo.svg\"},{\"@type\":\"BreadcrumbList\",\"@id\":\"https:\/\/www.humanitar.com.br\/?page_id=1187#breadcrumb\",\"itemListElement\":[{\"@type\":\"ListItem\",\"position\":1,\"name\":\"In\u00edcio\",\"item\":\"https:\/\/www.humanitar.com.br\/\"},{\"@type\":\"ListItem\",\"position\":2,\"name\":\"Gol de Letra\"}]},{\"@type\":\"WebSite\",\"@id\":\"https:\/\/www.humanitar.com.br\/#website\",\"url\":\"https:\/\/www.humanitar.com.br\/\",\"name\":\"Humanitar\",\"description\":\"Servi\u00e7os m\u00e9dicos Humanizados.\",\"publisher\":{\"@id\":\"https:\/\/www.humanitar.com.br\/#organization\"},\"potentialAction\":[{\"@type\":\"SearchAction\",\"target\":{\"@type\":\"EntryPoint\",\"urlTemplate\":\"https:\/\/www.humanitar.com.br\/?s={search_term_string}\"},\"query-input\":{\"@type\":\"PropertyValueSpecification\",\"valueRequired\":true,\"valueName\":\"search_term_string\"}}],\"inLanguage\":\"pt-BR\"},{\"@type\":\"Organization\",\"@id\":\"https:\/\/www.humanitar.com.br\/#organization\",\"name\":\"Humanitar\",\"url\":\"https:\/\/www.humanitar.com.br\/\",\"logo\":{\"@type\":\"ImageObject\",\"inLanguage\":\"pt-BR\",\"@id\":\"https:\/\/www.humanitar.com.br\/#\/schema\/logo\/image\/\",\"url\":\"https:\/\/www.humanitar.com.br\/wp-content\/uploads\/2020\/07\/logo.png\",\"contentUrl\":\"https:\/\/www.humanitar.com.br\/wp-content\/uploads\/2020\/07\/logo.png\",\"width\":200,\"height\":60,\"caption\":\"Humanitar\"},\"image\":{\"@id\":\"https:\/\/www.humanitar.com.br\/#\/schema\/logo\/image\/\"}}]}<\/script>\n<!-- \/ Yoast SEO plugin. -->","yoast_head_json":{"title":"Gol de Letra - Humanitar","description":"O grupo Humanitar utiliza tecnologia e melhores pr\u00e1ticas de gest\u00e3o para garantir uma entrega de alta qualidade. - Saiba mais!","robots":{"index":"index","follow":"follow","max-snippet":"max-snippet:-1","max-image-preview":"max-image-preview:large","max-video-preview":"max-video-preview:-1"},"canonical":"https:\/\/www.humanitar.com.br\/?page_id=1187","og_locale":"pt_BR","og_type":"article","og_title":"Gol de Letra - Humanitar","og_description":"O grupo Humanitar utiliza tecnologia e melhores pr\u00e1ticas de gest\u00e3o para garantir uma entrega de alta qualidade. - Saiba mais!","og_url":"https:\/\/www.humanitar.com.br\/?page_id=1187","og_site_name":"Humanitar","article_modified_time":"2023-06-02T00:12:20+00:00","og_image":[{"url":"https:\/\/www.goldeletra.org.br\/wp-content\/uploads\/2020\/01\/logo.svg","type":"","width":"","height":""}],"twitter_card":"summary_large_image","twitter_misc":{"Est. tempo de leitura":"3 minutos"},"schema":{"@context":"https:\/\/schema.org","@graph":[{"@type":"WebPage","@id":"https:\/\/www.humanitar.com.br\/?page_id=1187","url":"https:\/\/www.humanitar.com.br\/?page_id=1187","name":"Gol de Letra - Humanitar","isPartOf":{"@id":"https:\/\/www.humanitar.com.br\/#website"},"primaryImageOfPage":{"@id":"https:\/\/www.humanitar.com.br\/?page_id=1187#primaryimage"},"image":{"@id":"https:\/\/www.humanitar.com.br\/?page_id=1187#primaryimage"},"thumbnailUrl":"https:\/\/www.goldeletra.org.br\/wp-content\/uploads\/2020\/01\/logo.svg","datePublished":"2022-05-26T15:52:29+00:00","dateModified":"2023-06-02T00:12:20+00:00","description":"O grupo Humanitar utiliza tecnologia e melhores pr\u00e1ticas de gest\u00e3o para garantir uma entrega de alta qualidade. - Saiba mais!","breadcrumb":{"@id":"https:\/\/www.humanitar.com.br\/?page_id=1187#breadcrumb"},"inLanguage":"pt-BR","potentialAction":[{"@type":"ReadAction","target":["https:\/\/www.humanitar.com.br\/?page_id=1187"]}]},{"@type":"ImageObject","inLanguage":"pt-BR","@id":"https:\/\/www.humanitar.com.br\/?page_id=1187#primaryimage","url":"https:\/\/www.goldeletra.org.br\/wp-content\/uploads\/2020\/01\/logo.svg","contentUrl":"https:\/\/www.goldeletra.org.br\/wp-content\/uploads\/2020\/01\/logo.svg"},{"@type":"BreadcrumbList","@id":"https:\/\/www.humanitar.com.br\/?page_id=1187#breadcrumb","itemListElement":[{"@type":"ListItem","position":1,"name":"In\u00edcio","item":"https:\/\/www.humanitar.com.br\/"},{"@type":"ListItem","position":2,"name":"Gol de Letra"}]},{"@type":"WebSite","@id":"https:\/\/www.humanitar.com.br\/#website","url":"https:\/\/www.humanitar.com.br\/","name":"Humanitar","description":"Servi\u00e7os m\u00e9dicos Humanizados.","publisher":{"@id":"https:\/\/www.humanitar.com.br\/#organization"},"potentialAction":[{"@type":"SearchAction","target":{"@type":"EntryPoint","urlTemplate":"https:\/\/www.humanitar.com.br\/?s={search_term_string}"},"query-input":{"@type":"PropertyValueSpecification","valueRequired":true,"valueName":"search_term_string"}}],"inLanguage":"pt-BR"},{"@type":"Organization","@id":"https:\/\/www.humanitar.com.br\/#organization","name":"Humanitar","url":"https:\/\/www.humanitar.com.br\/","logo":{"@type":"ImageObject","inLanguage":"pt-BR","@id":"https:\/\/www.humanitar.com.br\/#\/schema\/logo\/image\/","url":"https:\/\/www.humanitar.com.br\/wp-content\/uploads\/2020\/07\/logo.png","contentUrl":"https:\/\/www.humanitar.com.br\/wp-content\/uploads\/2020\/07\/logo.png","width":200,"height":60,"caption":"Humanitar"},"image":{"@id":"https:\/\/www.humanitar.com.br\/#\/schema\/logo\/image\/"}}]}},"_links":{"self":[{"href":"https:\/\/www.humanitar.com.br\/index.php?rest_route=\/wp\/v2\/pages\/1187","targetHints":{"allow":["GET"]}}],"collection":[{"href":"https:\/\/www.humanitar.com.br\/index.php?rest_route=\/wp\/v2\/pages"}],"about":[{"href":"https:\/\/www.humanitar.com.br\/index.php?rest_route=\/wp\/v2\/types\/page"}],"author":[{"embeddable":true,"href":"https:\/\/www.humanitar.com.br\/index.php?rest_route=\/wp\/v2\/users\/1"}],"replies":[{"embeddable":true,"href":"https:\/\/www.humanitar.com.br\/index.php?rest_route=%2Fwp%2Fv2%2Fcomments&post=1187"}],"version-history":[{"count":13,"href":"https:\/\/www.humanitar.com.br\/index.php?rest_route=\/wp\/v2\/pages\/1187\/revisions"}],"predecessor-version":[{"id":1220,"href":"https:\/\/www.humanitar.com.br\/index.php?rest_route=\/wp\/v2\/pages\/1187\/revisions\/1220"}],"wp:attachment":[{"href":"https:\/\/www.humanitar.com.br\/index.php?rest_route=%2Fwp%2Fv2%2Fmedia&parent=1187"}],"curies":[{"name":"wp","href":"https:\/\/api.w.org\/{rel}","templated":true}]}}