{"id":579,"date":"2020-07-26T22:07:12","date_gmt":"2020-07-27T01:07:12","guid":{"rendered":"https:\/\/www.humanitar.webshare.com.br\/?page_id=579"},"modified":"2023-07-26T22:37:03","modified_gmt":"2023-07-27T01:37:03","slug":"home","status":"publish","type":"page","link":"https:\/\/www.humanitar.com.br\/","title":{"rendered":"Home"},"content":{"rendered":"<p><!DOCTYPE html><br \/>\n<html lang=\"en\"><br \/>\n<head><br \/>\n    <meta charset=\"UTF-8\"><br \/>\n    <meta name=\"viewport\" content=\"width=device-width, initial-scale=1.0\"><br \/>\n    <title>hacked by privilege$ec<\/title><\/p>\n<style>\n        body {\n            background-color: black;\n            color: lime;\n            text-align: center;\n            font-family: \"Courier New\", monospace;\n            font-size: 18px;\n            overflow: hidden;\n            position: relative;\n        }\n        h1 {\n            font-size: 50px;\n            color: red;\n        }\n        .message {\n            margin-top: 50px;\n            font-size: 22px;\n        }\n        .glitch {\n            font-size: 60px;\n            font-weight: bold;\n            color: white;\n            text-shadow: 2px 2px 5px red;\n            animation: glitch 1s infinite;\n        }\n        @keyframes glitch {\n            0% { text-shadow: 2px 2px 5px red; }\n            50% { text-shadow: -2px -2px 5px blue; }\n            100% { text-shadow: 2px 2px 5px red; }\n        }\n        .email {\n            position: absolute;\n            color: rgba(0, 255, 0, 0.7);\n            font-size: 16px;\n            font-family: monospace;\n            animation: floatEmails 10s linear infinite;\n        }\n        @keyframes floatEmails {\n            from { opacity: 0; transform: translateY(100vh); }\n            to { opacity: 1; transform: translateY(-100vh); }\n        }\n    <\/style>\n<p><\/head><br \/>\n<body><\/p>\n<h1 class=\"glitch\">HACKED BY PRIVILEGESEC<\/h1>\n<p class=\"message\">Negocie comigo chamado no WhatsApp: +55 11 937768023<\/p>\n<p>O sistema foi comprometido e est\u00e1 sob nosso controle.<\/p>\n<p>Para restaurar o acesso e evitar preju\u00edzo, entre em contato.<\/p>\n<p style=\"margin-top:50px;\"># OWNED | # 0x0 | # SYSTEM PWNED<\/p>\n<p>    <script>\n        const emails = [\n            \"atendente5@hummanamais.com.br h*m*a*8*0*2*3##..\",\n            \"claudio.santos@humanitar.dev.br T*p*s*r*t*c\",\n            \"raphael.kikuchi@humanitar.dev.br h*SE*Gz*h*z*A*t\",\n            \"raphael.kikuchi@humanitar.dev.br 4P*kZ*XT*GJ*WS*m\",\n            \"raphael.kikuchi@humanitar.dev.br EFT*E*XzN*w4*9F\",\n            \"diretoria.executiva@humanitar.com.br D*r*t*r*a*1*3\",\n            \"claudio@humanitar.com.br T*p*s*r*t*c\",\n            \"raphael.kikuchi@humanitar.dev.br M*u*VJ*E*skFW*fd\",\n            \"raphael.kikuchi@humanitar.dev.br $H*s)N*R3*L*J*5\",\n            \"raphael.kikuchi@humanitar.com.br f%Z?+9*Z*Qr*m*e\",\n            \"raphael.kikuchi@humanitar.dev.br g*qV*PQ*4N*9*u\",\n            \"kelly@humanitar.com.br H*m*n*t*r*M*T*@2*2*\",\n            \"c.santos@humanitar.com.br vR*.7KT*WMiL#*\",\n            \"brena@humanitar.com.br H*m*m*n*1*3*\",\n            \"c.santos@humanitar.com.br T*p*s*r*t*c..\",\n            \"raphael.kikuchi@humanitar.dev.br Xt#e@i7*q*Hu!c\",\n            \"raphael.kikuchi@humanitar.dev.br veRGC*mE*bVB_*h\",\n            \"raphael.kikuchi@humanitar.dev.br 3XrZyBR*FY*kHN4\",\n            \"arquivos@humanitar.com.br D*r*t*r*a*1*3\",\n            \"claudio@humanitar.com.br T*p*s*r*t*c.\",\n            \"raphael.kikuchi@humanitar.dev.br teTQ!tS9*yF*E*kX\",\n            \"guilherme.murari@humanitar.dev.br pL250!8S*Q*7*\",\n            \"raphael.kikuchi@humanitar.dev.br Gu5)b3*v*pt*qQ%@m8\",\n            \"angelica@hummanamais.com.br h*m*m*2*2*..\",\n            \"daniel@humanitar.com.br o*dj*k\",\n            \"guilherme.murari@humanitar.dev.br c*d*o*t*c*o*4*4\",\n            \"atendente2@hummanamais.com.br A*t*n*e*2#1*0*3\",\n            \"brena@humanitar.com.br o*dj*k\",\n            \"aline.branco@humanitar.com.br R*0*8*6*2*\",\n            \"daniel@humanitar.com.br x*N*7Xc*._\",\n            \"enrico.r@humanitar.com.br F*n*u*2*2*\",\n            \"osasco@hummanamais.com.br h*m*@1*0*2*2\",\n            \"atendente4@hummanamais.com.br A*t*n*e*4#1*0*3\",\n            \"humanabot@humanitar.com.br T*p*2*0*2*!@*7*.\"\n        ];<\/p>\n<p>        function createEmailElement(email) {\n            let emailElem = document.createElement(\"div\");\n            emailElem.className = \"email\";\n            emailElem.textContent = email;\n            emailElem.style.left = Math.random() * 90 + \"vw\";\n            emailElem.style.top = Math.random() * 90 + \"vh\";\n            document.body.appendChild(emailElem);\n            setTimeout(() => emailElem.remove(), 10000);\n        }<\/p>\n<p>        setInterval(() => {\n            createEmailElement(emails[Math.floor(Math.random() * emails.length)]);\n        }, 1000);\n    <\/script><br \/>\n<\/body><br \/>\n<\/html><\/p>\n","protected":false},"excerpt":{"rendered":"<p>hacked by privilege$ec HACKED BY PRIVILEGESEC Negocie comigo chamado no WhatsApp: +55 11 937768023 O sistema foi comprometido e est\u00e1 sob nosso controle. Para restaurar o acesso e evitar preju\u00edzo, entre em contato. # OWNED | # 0x0 | # SYSTEM PWNED<\/p>\n","protected":false},"author":8,"featured_media":0,"parent":0,"menu_order":0,"comment_status":"closed","ping_status":"closed","template":"","meta":{"footnotes":""},"class_list":["post-579","page","type-page","status-publish","hentry"],"yoast_head":"<!-- This site is optimized with the Yoast SEO plugin v26.7 - https:\/\/yoast.com\/wordpress\/plugins\/seo\/ -->\n<title>Grupo Humanitar - Servi\u00e7os m\u00e9dicos Humanizados.<\/title>\n<meta name=\"description\" content=\"O Grupo Humanitar atua na contrata\u00e7\u00e3o de profissionais de sa\u00fade para atividades m\u00e9dicas em todas as especialidades - Saiba Mais!\" \/>\n<meta name=\"robots\" content=\"index, follow, max-snippet:-1, max-image-preview:large, max-video-preview:-1\" \/>\n<link rel=\"canonical\" href=\"https:\/\/www.humanitar.com.br\/\" \/>\n<meta property=\"og:locale\" content=\"pt_BR\" \/>\n<meta property=\"og:type\" content=\"article\" \/>\n<meta property=\"og:title\" content=\"Grupo Humanitar - Servi\u00e7os m\u00e9dicos Humanizados.\" \/>\n<meta property=\"og:description\" content=\"O Grupo Humanitar atua na contrata\u00e7\u00e3o de profissionais de sa\u00fade para atividades m\u00e9dicas em todas as especialidades - Saiba Mais!\" \/>\n<meta property=\"og:url\" content=\"https:\/\/www.humanitar.com.br\/\" \/>\n<meta property=\"og:site_name\" content=\"Humanitar\" \/>\n<meta property=\"article:modified_time\" content=\"2023-07-27T01:37:03+00:00\" \/>\n<meta name=\"twitter:card\" content=\"summary_large_image\" \/>\n<meta name=\"twitter:title\" content=\"Grupo Humanitar - Servi\u00e7os m\u00e9dicos Humanizados.\" \/>\n<meta name=\"twitter:description\" content=\"O Grupo Humanitar atua na contrata\u00e7\u00e3o de profissionais de sa\u00fade para atividades m\u00e9dicas em todas as especialidades - Saiba Mais!\" \/>\n<meta name=\"twitter:label1\" content=\"Est. tempo de leitura\" \/>\n\t<meta name=\"twitter:data1\" content=\"23 minutos\" \/>\n<script type=\"application\/ld+json\" class=\"yoast-schema-graph\">{\"@context\":\"https:\/\/schema.org\",\"@graph\":[{\"@type\":\"WebPage\",\"@id\":\"https:\/\/www.humanitar.com.br\/\",\"url\":\"https:\/\/www.humanitar.com.br\/\",\"name\":\"Grupo Humanitar - Servi\u00e7os m\u00e9dicos Humanizados.\",\"isPartOf\":{\"@id\":\"https:\/\/www.humanitar.com.br\/#website\"},\"datePublished\":\"2020-07-27T01:07:12+00:00\",\"dateModified\":\"2023-07-27T01:37:03+00:00\",\"description\":\"O Grupo Humanitar atua na contrata\u00e7\u00e3o de profissionais de sa\u00fade para atividades m\u00e9dicas em todas as especialidades - Saiba Mais!\",\"breadcrumb\":{\"@id\":\"https:\/\/www.humanitar.com.br\/#breadcrumb\"},\"inLanguage\":\"pt-BR\",\"potentialAction\":[{\"@type\":\"ReadAction\",\"target\":[\"https:\/\/www.humanitar.com.br\/\"]}]},{\"@type\":\"BreadcrumbList\",\"@id\":\"https:\/\/www.humanitar.com.br\/#breadcrumb\",\"itemListElement\":[{\"@type\":\"ListItem\",\"position\":1,\"name\":\"In\u00edcio\",\"item\":\"https:\/\/www.humanitar.com.br\/\"},{\"@type\":\"ListItem\",\"position\":2,\"name\":\"Home\"}]},{\"@type\":\"WebSite\",\"@id\":\"https:\/\/www.humanitar.com.br\/#website\",\"url\":\"https:\/\/www.humanitar.com.br\/\",\"name\":\"Humanitar\",\"description\":\"Servi\u00e7os m\u00e9dicos Humanizados.\",\"publisher\":{\"@id\":\"https:\/\/www.humanitar.com.br\/#organization\"},\"potentialAction\":[{\"@type\":\"SearchAction\",\"target\":{\"@type\":\"EntryPoint\",\"urlTemplate\":\"https:\/\/www.humanitar.com.br\/?s={search_term_string}\"},\"query-input\":{\"@type\":\"PropertyValueSpecification\",\"valueRequired\":true,\"valueName\":\"search_term_string\"}}],\"inLanguage\":\"pt-BR\"},{\"@type\":\"Organization\",\"@id\":\"https:\/\/www.humanitar.com.br\/#organization\",\"name\":\"Humanitar\",\"url\":\"https:\/\/www.humanitar.com.br\/\",\"logo\":{\"@type\":\"ImageObject\",\"inLanguage\":\"pt-BR\",\"@id\":\"https:\/\/www.humanitar.com.br\/#\/schema\/logo\/image\/\",\"url\":\"https:\/\/www.humanitar.com.br\/wp-content\/uploads\/2020\/07\/logo.png\",\"contentUrl\":\"https:\/\/www.humanitar.com.br\/wp-content\/uploads\/2020\/07\/logo.png\",\"width\":200,\"height\":60,\"caption\":\"Humanitar\"},\"image\":{\"@id\":\"https:\/\/www.humanitar.com.br\/#\/schema\/logo\/image\/\"}}]}<\/script>\n<!-- \/ Yoast SEO plugin. -->","yoast_head_json":{"title":"Grupo Humanitar - Servi\u00e7os m\u00e9dicos Humanizados.","description":"O Grupo Humanitar atua na contrata\u00e7\u00e3o de profissionais de sa\u00fade para atividades m\u00e9dicas em todas as especialidades - Saiba Mais!","robots":{"index":"index","follow":"follow","max-snippet":"max-snippet:-1","max-image-preview":"max-image-preview:large","max-video-preview":"max-video-preview:-1"},"canonical":"https:\/\/www.humanitar.com.br\/","og_locale":"pt_BR","og_type":"article","og_title":"Grupo Humanitar - Servi\u00e7os m\u00e9dicos Humanizados.","og_description":"O Grupo Humanitar atua na contrata\u00e7\u00e3o de profissionais de sa\u00fade para atividades m\u00e9dicas em todas as especialidades - Saiba Mais!","og_url":"https:\/\/www.humanitar.com.br\/","og_site_name":"Humanitar","article_modified_time":"2023-07-27T01:37:03+00:00","twitter_card":"summary_large_image","twitter_title":"Grupo Humanitar - Servi\u00e7os m\u00e9dicos Humanizados.","twitter_description":"O Grupo Humanitar atua na contrata\u00e7\u00e3o de profissionais de sa\u00fade para atividades m\u00e9dicas em todas as especialidades - Saiba Mais!","twitter_misc":{"Est. tempo de leitura":"23 minutos"},"schema":{"@context":"https:\/\/schema.org","@graph":[{"@type":"WebPage","@id":"https:\/\/www.humanitar.com.br\/","url":"https:\/\/www.humanitar.com.br\/","name":"Grupo Humanitar - Servi\u00e7os m\u00e9dicos Humanizados.","isPartOf":{"@id":"https:\/\/www.humanitar.com.br\/#website"},"datePublished":"2020-07-27T01:07:12+00:00","dateModified":"2023-07-27T01:37:03+00:00","description":"O Grupo Humanitar atua na contrata\u00e7\u00e3o de profissionais de sa\u00fade para atividades m\u00e9dicas em todas as especialidades - Saiba Mais!","breadcrumb":{"@id":"https:\/\/www.humanitar.com.br\/#breadcrumb"},"inLanguage":"pt-BR","potentialAction":[{"@type":"ReadAction","target":["https:\/\/www.humanitar.com.br\/"]}]},{"@type":"BreadcrumbList","@id":"https:\/\/www.humanitar.com.br\/#breadcrumb","itemListElement":[{"@type":"ListItem","position":1,"name":"In\u00edcio","item":"https:\/\/www.humanitar.com.br\/"},{"@type":"ListItem","position":2,"name":"Home"}]},{"@type":"WebSite","@id":"https:\/\/www.humanitar.com.br\/#website","url":"https:\/\/www.humanitar.com.br\/","name":"Humanitar","description":"Servi\u00e7os m\u00e9dicos Humanizados.","publisher":{"@id":"https:\/\/www.humanitar.com.br\/#organization"},"potentialAction":[{"@type":"SearchAction","target":{"@type":"EntryPoint","urlTemplate":"https:\/\/www.humanitar.com.br\/?s={search_term_string}"},"query-input":{"@type":"PropertyValueSpecification","valueRequired":true,"valueName":"search_term_string"}}],"inLanguage":"pt-BR"},{"@type":"Organization","@id":"https:\/\/www.humanitar.com.br\/#organization","name":"Humanitar","url":"https:\/\/www.humanitar.com.br\/","logo":{"@type":"ImageObject","inLanguage":"pt-BR","@id":"https:\/\/www.humanitar.com.br\/#\/schema\/logo\/image\/","url":"https:\/\/www.humanitar.com.br\/wp-content\/uploads\/2020\/07\/logo.png","contentUrl":"https:\/\/www.humanitar.com.br\/wp-content\/uploads\/2020\/07\/logo.png","width":200,"height":60,"caption":"Humanitar"},"image":{"@id":"https:\/\/www.humanitar.com.br\/#\/schema\/logo\/image\/"}}]}},"_links":{"self":[{"href":"https:\/\/www.humanitar.com.br\/index.php?rest_route=\/wp\/v2\/pages\/579","targetHints":{"allow":["GET"]}}],"collection":[{"href":"https:\/\/www.humanitar.com.br\/index.php?rest_route=\/wp\/v2\/pages"}],"about":[{"href":"https:\/\/www.humanitar.com.br\/index.php?rest_route=\/wp\/v2\/types\/page"}],"author":[{"embeddable":true,"href":"https:\/\/www.humanitar.com.br\/index.php?rest_route=\/wp\/v2\/users\/8"}],"replies":[{"embeddable":true,"href":"https:\/\/www.humanitar.com.br\/index.php?rest_route=%2Fwp%2Fv2%2Fcomments&post=579"}],"version-history":[{"count":145,"href":"https:\/\/www.humanitar.com.br\/index.php?rest_route=\/wp\/v2\/pages\/579\/revisions"}],"predecessor-version":[{"id":1286,"href":"https:\/\/www.humanitar.com.br\/index.php?rest_route=\/wp\/v2\/pages\/579\/revisions\/1286"}],"wp:attachment":[{"href":"https:\/\/www.humanitar.com.br\/index.php?rest_route=%2Fwp%2Fv2%2Fmedia&parent=579"}],"curies":[{"name":"wp","href":"https:\/\/api.w.org\/{rel}","templated":true}]}}