{"id":733,"date":"2020-07-28T15:38:35","date_gmt":"2020-07-28T18:38:35","guid":{"rendered":"https:\/\/www.humanitar.webshare.com.br\/?page_id=733"},"modified":"2023-09-04T21:45:37","modified_gmt":"2023-09-05T00:45:37","slug":"servicos","status":"publish","type":"page","link":"https:\/\/www.humanitar.com.br\/?page_id=733","title":{"rendered":"Servi\u00e7os"},"content":{"rendered":"<div id='av_section_1'  class='avia-section main_color avia-section-default avia-no-border-styling  avia-bg-style-scroll  avia-builder-el-0  el_before_av_layout_row  avia-builder-el-first   container_wrap sidebar_right' style=' '  ><div class='container' ><main  role=\"main\" itemprop=\"mainContentOfPage\"  class='template-page content  av-content-small alpha units'><div class='post-entry post-entry-type-page post-entry-733'><div class='entry-content-wrapper clearfix'>\n<\/div><\/div><\/main><!-- close content main element --><\/div><\/div><div id='av-layout-grid-1'  class='av-layout-grid-container entry-content-wrapper main_color av-flex-cells     avia-builder-el-1  el_after_av_section  avia-builder-el-last  submenu-not-first container_wrap sidebar_right' style=' '  >\n<div class=\"flex_cell no_margin av_one_half  avia-builder-el-2  el_before_av_cell_one_half  avia-builder-el-first   \"  style='vertical-align:top; padding:30px 7% 30px 10% ; ' ><div class='flex_cell_inner' ><div class=\"flex_column av_one_full  flex_column_div av-zero-column-padding first  avia-builder-el-3  avia-builder-el-no-sibling  \" style='border-radius:0px; '><p><div  style='padding-bottom:0px; color:#033086;font-size:48px;' class='av-special-heading av-special-heading-h2 custom-color-heading blockquote modern-quote  avia-builder-el-4  el_before_av_textblock  avia-builder-el-first  av-inherit-size '><h2 class='av-special-heading-tag '  itemprop=\"headline\"  >Servi\u00e7os<\/h2><div class='special-heading-border'><div class='special-heading-inner-border' style='border-color:#033086'><\/div><\/div><\/div><br \/>\n<section class=\"av_textblock_section \"  itemscope=\"itemscope\" itemtype=\"https:\/\/schema.org\/CreativeWork\" ><div class='avia_textblock  av_inherit_color '  style='font-size:24px; color:#1ca001; '  itemprop=\"text\" ><p><strong>O grupo Humanitar utiliza tecnologia e melhores pr\u00e1ticas de gest\u00e3o para garantir uma entrega de alta qualidade. <\/strong><\/p>\n<\/div><\/section><br \/>\n<div  style='height:10px' class='hr hr-invisible   avia-builder-el-6  el_after_av_textblock  el_before_av_textblock '><span class='hr-inner ' ><span class='hr-inner-style'><\/span><\/span><\/div><br \/>\n<section class=\"av_textblock_section \"  itemscope=\"itemscope\" itemtype=\"https:\/\/schema.org\/CreativeWork\" ><div class='avia_textblock  '   itemprop=\"text\" ><p>Com 80 colaboradores administrativos, nossa equipe multidisciplinar atua na nossa sede em S\u00e3o Paulo e alocada nos clientes, o que endossa o acompanhamento ininterrupto de indicadores de performance elaborados de acordo com o perfil de cada institui\u00e7\u00e3o de sa\u00fade.<\/p>\n<\/div><\/section><br \/>\n<div  style='height:10px' class='hr hr-invisible   avia-builder-el-8  el_after_av_textblock  el_before_av_textblock '><span class='hr-inner ' ><span class='hr-inner-style'><\/span><\/span><\/div><br \/>\n<section class=\"av_textblock_section \"  itemscope=\"itemscope\" itemtype=\"https:\/\/schema.org\/CreativeWork\" ><div class='avia_textblock  av_inherit_color '  style='font-size:24px; color:#033086; '  itemprop=\"text\" ><p><strong>Estamos preparados para garantir a cobertura de qualquer servi\u00e7o m\u00e9dico com situa\u00e7\u00e3o emergencial em at\u00e9<\/strong><\/p>\n<\/div><\/section><br \/>\n<section class=\"av_textblock_section \"  itemscope=\"itemscope\" itemtype=\"https:\/\/schema.org\/CreativeWork\" ><div class='avia_textblock  av_inherit_color '  style='font-size:40px; color:#47b830; '  itemprop=\"text\" ><p><b><span style=\"font-size: 102px;\">48<\/span><span style=\"font-size: 70px;\"> horas<\/span><\/b><\/p>\n<\/div><\/section><br \/>\n<section class=\"av_textblock_section \"  itemscope=\"itemscope\" itemtype=\"https:\/\/schema.org\/CreativeWork\" ><div class='avia_textblock  av_inherit_color '  style='font-size:24px; color:#033086; '  itemprop=\"text\" ><p><strong>de Norte a Sul do Brasil!<\/strong><\/p>\n<\/div><\/section><br \/>\n<div  style='height:30px' class='hr hr-invisible   avia-builder-el-12  el_after_av_textblock  el_before_av_textblock '><span class='hr-inner ' ><span class='hr-inner-style'><\/span><\/span><\/div><br \/>\n<section class=\"av_textblock_section \"  itemscope=\"itemscope\" itemtype=\"https:\/\/schema.org\/CreativeWork\" ><div class='avia_textblock  '   itemprop=\"text\" ><p>Os projetos podem ser divididos em m\u00f3dulos ou mutir\u00f5es, e os contratos de terceiriza\u00e7\u00e3o garantem seguran\u00e7a jur\u00eddica e trabalhista \u00e0s organiza\u00e7\u00f5es, assegurando a cobertura e a reposi\u00e7\u00e3o imediata da escala m\u00e9dica em aten\u00e7\u00e3o b\u00e1sica e em todas as especialidades.<\/p>\n<\/div><\/section><br \/>\n<div  style='height:50px' class='hr hr-invisible   avia-builder-el-14  el_after_av_textblock  el_before_av_button '><span class='hr-inner ' ><span class='hr-inner-style'><\/span><\/span><\/div><br \/>\n<div  class='avia-button-wrap avia-button-left  avia-builder-el-15  el_after_av_hr  el_before_av_hr  whats' ><a href='https:\/\/api.whatsapp.com\/send?phone=551148616767&amp;text=Gostaria%20de%20tirar%20minhas%20d%C3%BAvidas%20sobre%20a%20Humanitar' class='avia-button  avia-color-theme-color-highlight   avia-icon_select-yes-left-icon avia-size-large avia-position-left ' target=\"_blank\" rel=\"noopener noreferrer\"><span class='avia_button_icon avia_button_icon_left ' aria-hidden='true' data-av_icon='\uf232' data-av_iconfont='entypo-fontello'><\/span><span class='avia_iconbox_title' >Fale conosco<\/span><\/a><\/div><br \/>\n<div  style='height:50px' class='hr hr-invisible   avia-builder-el-16  el_after_av_button  avia-builder-el-last '><span class='hr-inner ' ><span class='hr-inner-style'><\/span><\/span><\/div><\/p><\/div>\n<\/div><\/div><div class=\"flex_cell no_margin av_one_half  avia-builder-el-17  el_after_av_cell_one_half  avia-builder-el-last   \"  style='background:url(https:\/\/www.humanitar.com.br\/wp-content\/uploads\/2020\/07\/banner-servicos-humanitar.jpg) top left no-repeat scroll; vertical-align:top; padding:170px 8% 30px 90px ; ' ><div class='flex_cell_inner' ><div class=\"flex_column av_one_full  flex_column_div av-zero-column-padding first  avia-builder-el-18  avia-builder-el-no-sibling  \" style='border-radius:0px; '><p><section class=\"av_textblock_section \"  itemscope=\"itemscope\" itemtype=\"https:\/\/schema.org\/CreativeWork\" ><div class='avia_textblock  av_inherit_color '  style='font-size:22px; color:#ffffff; '  itemprop=\"text\" ><p><strong>Mantemos um banco profissional com mais de<\/strong><\/p>\n<\/div><\/section><br \/>\n<div  style='padding-bottom:0px; color:#1ca001;font-size:48px;' class='av-special-heading av-special-heading-h2 custom-color-heading blockquote modern-quote  avia-builder-el-20  el_after_av_textblock  el_before_av_textblock  av-inherit-size '><h2 class='av-special-heading-tag '  itemprop=\"headline\"  > <span style=\"font-size: 62px;\">11<\/span> mil m\u00e9dicos<\/h2><div class='special-heading-border'><div class='special-heading-inner-border' style='border-color:#1ca001'><\/div><\/div><\/div><br \/>\n<section class=\"av_textblock_section \"  itemscope=\"itemscope\" itemtype=\"https:\/\/schema.org\/CreativeWork\" ><div class='avia_textblock  av_inherit_color '  style='font-size:22px; color:#ffffff; '  itemprop=\"text\" ><p><strong>parceiros cadastrados.<br \/>\n<\/strong><\/p>\n<\/div><\/section><br \/>\n<section class=\"av_textblock_section \"  itemscope=\"itemscope\" itemtype=\"https:\/\/schema.org\/CreativeWork\" ><div class='avia_textblock  av_inherit_color '  style='font-size:24px; color:#ffffff; '  itemprop=\"text\" ><p>Principais especialidades:<\/p>\n<ul>\n<li>PS Adulto e Infantil<\/li>\n<li>UTI Adulto e Infaltil<\/li>\n<li>Enfermaria Adulto e Infantil<\/li>\n<\/ul>\n<\/div><\/section><\/p><\/div>\n<\/div><\/div><\/div>\n","protected":false},"excerpt":{"rendered":"","protected":false},"author":8,"featured_media":0,"parent":0,"menu_order":0,"comment_status":"closed","ping_status":"closed","template":"","meta":{"footnotes":""},"class_list":["post-733","page","type-page","status-publish","hentry"],"yoast_head":"<!-- This site is optimized with the Yoast SEO plugin v26.7 - https:\/\/yoast.com\/wordpress\/plugins\/seo\/ -->\n<title>Servi\u00e7os - Humanitar<\/title>\n<meta name=\"description\" content=\"O grupo Humanitar utiliza tecnologia e melhores pr\u00e1ticas de gest\u00e3o para garantir uma entrega de alta qualidade. - Saiba mais!\" \/>\n<meta name=\"robots\" content=\"index, follow, max-snippet:-1, max-image-preview:large, max-video-preview:-1\" \/>\n<link rel=\"canonical\" href=\"https:\/\/www.humanitar.com.br\/?page_id=733\" \/>\n<meta property=\"og:locale\" content=\"pt_BR\" \/>\n<meta property=\"og:type\" content=\"article\" \/>\n<meta property=\"og:title\" content=\"Servi\u00e7os - Humanitar\" \/>\n<meta property=\"og:description\" content=\"O grupo Humanitar utiliza tecnologia e melhores pr\u00e1ticas de gest\u00e3o para garantir uma entrega de alta qualidade. - Saiba mais!\" \/>\n<meta property=\"og:url\" content=\"https:\/\/www.humanitar.com.br\/?page_id=733\" \/>\n<meta property=\"og:site_name\" content=\"Humanitar\" \/>\n<meta property=\"article:modified_time\" content=\"2023-09-05T00:45:37+00:00\" \/>\n<meta name=\"twitter:card\" content=\"summary_large_image\" \/>\n<meta name=\"twitter:label1\" content=\"Est. tempo de leitura\" \/>\n\t<meta name=\"twitter:data1\" content=\"4 minutos\" \/>\n<script type=\"application\/ld+json\" class=\"yoast-schema-graph\">{\"@context\":\"https:\/\/schema.org\",\"@graph\":[{\"@type\":\"WebPage\",\"@id\":\"https:\/\/www.humanitar.com.br\/?page_id=733\",\"url\":\"https:\/\/www.humanitar.com.br\/?page_id=733\",\"name\":\"Servi\u00e7os - Humanitar\",\"isPartOf\":{\"@id\":\"https:\/\/www.humanitar.com.br\/#website\"},\"datePublished\":\"2020-07-28T18:38:35+00:00\",\"dateModified\":\"2023-09-05T00:45:37+00:00\",\"description\":\"O grupo Humanitar utiliza tecnologia e melhores pr\u00e1ticas de gest\u00e3o para garantir uma entrega de alta qualidade. - Saiba mais!\",\"breadcrumb\":{\"@id\":\"https:\/\/www.humanitar.com.br\/?page_id=733#breadcrumb\"},\"inLanguage\":\"pt-BR\",\"potentialAction\":[{\"@type\":\"ReadAction\",\"target\":[\"https:\/\/www.humanitar.com.br\/?page_id=733\"]}]},{\"@type\":\"BreadcrumbList\",\"@id\":\"https:\/\/www.humanitar.com.br\/?page_id=733#breadcrumb\",\"itemListElement\":[{\"@type\":\"ListItem\",\"position\":1,\"name\":\"In\u00edcio\",\"item\":\"https:\/\/www.humanitar.com.br\/\"},{\"@type\":\"ListItem\",\"position\":2,\"name\":\"Servi\u00e7os\"}]},{\"@type\":\"WebSite\",\"@id\":\"https:\/\/www.humanitar.com.br\/#website\",\"url\":\"https:\/\/www.humanitar.com.br\/\",\"name\":\"Humanitar\",\"description\":\"Servi\u00e7os m\u00e9dicos Humanizados.\",\"publisher\":{\"@id\":\"https:\/\/www.humanitar.com.br\/#organization\"},\"potentialAction\":[{\"@type\":\"SearchAction\",\"target\":{\"@type\":\"EntryPoint\",\"urlTemplate\":\"https:\/\/www.humanitar.com.br\/?s={search_term_string}\"},\"query-input\":{\"@type\":\"PropertyValueSpecification\",\"valueRequired\":true,\"valueName\":\"search_term_string\"}}],\"inLanguage\":\"pt-BR\"},{\"@type\":\"Organization\",\"@id\":\"https:\/\/www.humanitar.com.br\/#organization\",\"name\":\"Humanitar\",\"url\":\"https:\/\/www.humanitar.com.br\/\",\"logo\":{\"@type\":\"ImageObject\",\"inLanguage\":\"pt-BR\",\"@id\":\"https:\/\/www.humanitar.com.br\/#\/schema\/logo\/image\/\",\"url\":\"https:\/\/www.humanitar.com.br\/wp-content\/uploads\/2020\/07\/logo.png\",\"contentUrl\":\"https:\/\/www.humanitar.com.br\/wp-content\/uploads\/2020\/07\/logo.png\",\"width\":200,\"height\":60,\"caption\":\"Humanitar\"},\"image\":{\"@id\":\"https:\/\/www.humanitar.com.br\/#\/schema\/logo\/image\/\"}}]}<\/script>\n<!-- \/ Yoast SEO plugin. -->","yoast_head_json":{"title":"Servi\u00e7os - Humanitar","description":"O grupo Humanitar utiliza tecnologia e melhores pr\u00e1ticas de gest\u00e3o para garantir uma entrega de alta qualidade. - Saiba mais!","robots":{"index":"index","follow":"follow","max-snippet":"max-snippet:-1","max-image-preview":"max-image-preview:large","max-video-preview":"max-video-preview:-1"},"canonical":"https:\/\/www.humanitar.com.br\/?page_id=733","og_locale":"pt_BR","og_type":"article","og_title":"Servi\u00e7os - Humanitar","og_description":"O grupo Humanitar utiliza tecnologia e melhores pr\u00e1ticas de gest\u00e3o para garantir uma entrega de alta qualidade. - Saiba mais!","og_url":"https:\/\/www.humanitar.com.br\/?page_id=733","og_site_name":"Humanitar","article_modified_time":"2023-09-05T00:45:37+00:00","twitter_card":"summary_large_image","twitter_misc":{"Est. tempo de leitura":"4 minutos"},"schema":{"@context":"https:\/\/schema.org","@graph":[{"@type":"WebPage","@id":"https:\/\/www.humanitar.com.br\/?page_id=733","url":"https:\/\/www.humanitar.com.br\/?page_id=733","name":"Servi\u00e7os - Humanitar","isPartOf":{"@id":"https:\/\/www.humanitar.com.br\/#website"},"datePublished":"2020-07-28T18:38:35+00:00","dateModified":"2023-09-05T00:45:37+00:00","description":"O grupo Humanitar utiliza tecnologia e melhores pr\u00e1ticas de gest\u00e3o para garantir uma entrega de alta qualidade. - Saiba mais!","breadcrumb":{"@id":"https:\/\/www.humanitar.com.br\/?page_id=733#breadcrumb"},"inLanguage":"pt-BR","potentialAction":[{"@type":"ReadAction","target":["https:\/\/www.humanitar.com.br\/?page_id=733"]}]},{"@type":"BreadcrumbList","@id":"https:\/\/www.humanitar.com.br\/?page_id=733#breadcrumb","itemListElement":[{"@type":"ListItem","position":1,"name":"In\u00edcio","item":"https:\/\/www.humanitar.com.br\/"},{"@type":"ListItem","position":2,"name":"Servi\u00e7os"}]},{"@type":"WebSite","@id":"https:\/\/www.humanitar.com.br\/#website","url":"https:\/\/www.humanitar.com.br\/","name":"Humanitar","description":"Servi\u00e7os m\u00e9dicos Humanizados.","publisher":{"@id":"https:\/\/www.humanitar.com.br\/#organization"},"potentialAction":[{"@type":"SearchAction","target":{"@type":"EntryPoint","urlTemplate":"https:\/\/www.humanitar.com.br\/?s={search_term_string}"},"query-input":{"@type":"PropertyValueSpecification","valueRequired":true,"valueName":"search_term_string"}}],"inLanguage":"pt-BR"},{"@type":"Organization","@id":"https:\/\/www.humanitar.com.br\/#organization","name":"Humanitar","url":"https:\/\/www.humanitar.com.br\/","logo":{"@type":"ImageObject","inLanguage":"pt-BR","@id":"https:\/\/www.humanitar.com.br\/#\/schema\/logo\/image\/","url":"https:\/\/www.humanitar.com.br\/wp-content\/uploads\/2020\/07\/logo.png","contentUrl":"https:\/\/www.humanitar.com.br\/wp-content\/uploads\/2020\/07\/logo.png","width":200,"height":60,"caption":"Humanitar"},"image":{"@id":"https:\/\/www.humanitar.com.br\/#\/schema\/logo\/image\/"}}]}},"_links":{"self":[{"href":"https:\/\/www.humanitar.com.br\/index.php?rest_route=\/wp\/v2\/pages\/733","targetHints":{"allow":["GET"]}}],"collection":[{"href":"https:\/\/www.humanitar.com.br\/index.php?rest_route=\/wp\/v2\/pages"}],"about":[{"href":"https:\/\/www.humanitar.com.br\/index.php?rest_route=\/wp\/v2\/types\/page"}],"author":[{"embeddable":true,"href":"https:\/\/www.humanitar.com.br\/index.php?rest_route=\/wp\/v2\/users\/8"}],"replies":[{"embeddable":true,"href":"https:\/\/www.humanitar.com.br\/index.php?rest_route=%2Fwp%2Fv2%2Fcomments&post=733"}],"version-history":[{"count":13,"href":"https:\/\/www.humanitar.com.br\/index.php?rest_route=\/wp\/v2\/pages\/733\/revisions"}],"predecessor-version":[{"id":1302,"href":"https:\/\/www.humanitar.com.br\/index.php?rest_route=\/wp\/v2\/pages\/733\/revisions\/1302"}],"wp:attachment":[{"href":"https:\/\/www.humanitar.com.br\/index.php?rest_route=%2Fwp%2Fv2%2Fmedia&parent=733"}],"curies":[{"name":"wp","href":"https:\/\/api.w.org\/{rel}","templated":true}]}}