{"id":808,"date":"2020-08-05T13:17:19","date_gmt":"2020-08-05T16:17:19","guid":{"rendered":"https:\/\/www.humanitar.webshare.com.br\/?page_id=808"},"modified":"2020-08-05T14:02:31","modified_gmt":"2020-08-05T17:02:31","slug":"na-luta-contra-a-covid-19","status":"publish","type":"page","link":"https:\/\/www.humanitar.com.br\/?page_id=808","title":{"rendered":"Na luta contra a COVID-19"},"content":{"rendered":"<div id='av-layout-grid-1'  class='av-layout-grid-container entry-content-wrapper main_color av-flex-cells     avia-builder-el-0  el_before_av_layout_row  avia-builder-el-first  container_wrap sidebar_right' style=' '  >\n<div class=\"flex_cell no_margin av_one_half  avia-builder-el-1  el_before_av_cell_one_half  avia-builder-el-first   \"  style='vertical-align:top; padding:30px 30px 30px 10% ; ' ><div class='flex_cell_inner' ><div class=\"flex_column av_one_full  flex_column_div av-zero-column-padding first  avia-builder-el-2  avia-builder-el-no-sibling  \" style='border-radius:0px; '><p><div  style='height:50px' class='hr hr-invisible   avia-builder-el-3  el_before_av_heading  avia-builder-el-first '><span class='hr-inner ' ><span class='hr-inner-style'><\/span><\/span><\/div><br \/>\n<div  style='padding-bottom:0px; color:#033086;font-size:42px;' class='av-special-heading av-special-heading-h2 custom-color-heading blockquote modern-quote  avia-builder-el-4  el_after_av_hr  el_before_av_textblock  av-inherit-size '><h2 class='av-special-heading-tag '  itemprop=\"headline\"  >Nossos profissionais m\u00e9dicos atuam na linha de frente no combate \u00e0 Covid-19<\/h2><div class='special-heading-border'><div class='special-heading-inner-border' style='border-color:#033086'><\/div><\/div><\/div><br \/>\n<section class=\"av_textblock_section \"  itemscope=\"itemscope\" itemtype=\"https:\/\/schema.org\/CreativeWork\" ><div class='avia_textblock  '   itemprop=\"text\" ><p>Mais de 400 m\u00e9dicos e 80 enfermeiros parceiros do Grupo Humanitar foram enviados a 10 Estados das regi\u00f5es Norte, Nordeste e Centro Oeste do Brasil, para somar \u00e0 batalha e ajudar a amenizar a pandemia.<\/p>\n<p>O refor\u00e7o do corpo cl\u00ednico chegou para mais de 17 hospitais, tanto na rede privada quanto no M\u00e9dicos Sem Fronteiras &#8211; que, ali\u00e1s, est\u00e1 nesta opera\u00e7\u00e3o contra o Novo Coronav\u00edrus, com 100% dos profissionais m\u00e9dicos da Humanitar.<\/p>\n<\/div><\/section><br \/>\n<div  style='height:50px' class='hr hr-invisible   avia-builder-el-6  el_after_av_textblock  el_before_av_heading '><span class='hr-inner ' ><span class='hr-inner-style'><\/span><\/span><\/div><br \/>\n<div  style='padding-bottom:0px; color:#033086;font-size:48px;' class='av-special-heading av-special-heading-h2 custom-color-heading blockquote modern-quote  avia-builder-el-7  el_after_av_hr  el_before_av_textblock  av-inherit-size '><h2 class='av-special-heading-tag '  itemprop=\"headline\"  >Excel\u00eancia nos resultados \u00e9 a nossa marca<\/h2><div class='special-heading-border'><div class='special-heading-inner-border' style='border-color:#033086'><\/div><\/div><\/div><br \/>\n<section class=\"av_textblock_section \"  itemscope=\"itemscope\" itemtype=\"https:\/\/schema.org\/CreativeWork\" ><div class='avia_textblock  '   itemprop=\"text\" ><p>Al\u00e9m da vasta equipe de m\u00e9dicos especialistas que atuam lado a lado com a Humanitar, contamos com 80 colaboradores administrativos que, ininterruptamente, acompanham o desempenho e criam estrat\u00e9gias personalizadas \u00e0 cada institui\u00e7\u00e3o de sa\u00fade. Com uma governan\u00e7a corporativa baseada em princ\u00edpios adequados de compliance e transpar\u00eancia, privilegiamos os direitos humanos, a \u00e9tica e as pr\u00e1ticas anticorrup\u00e7\u00e3o.<\/p>\n<\/div><\/section><br \/>\n<div  style='height:10px' class='hr hr-invisible   avia-builder-el-9  el_after_av_textblock  el_before_av_textblock '><span class='hr-inner ' ><span class='hr-inner-style'><\/span><\/span><\/div><br \/>\n<section class=\"av_textblock_section \"  itemscope=\"itemscope\" itemtype=\"https:\/\/schema.org\/CreativeWork\" ><div class='avia_textblock  '  style='font-size:14px; '  itemprop=\"text\" ><p><img decoding=\"async\" class=\"alignleft size-full wp-image-616\" src=\"https:\/\/www.humanitar.com.br\/wp-content\/uploads\/2020\/07\/Grupo-7.png\" alt=\"\" width=\"75\" height=\"75\" srcset=\"https:\/\/www.humanitar.com.br\/wp-content\/uploads\/2020\/07\/Grupo-7.png 75w, https:\/\/www.humanitar.com.br\/wp-content\/uploads\/2020\/07\/Grupo-7-36x36.png 36w\" sizes=\"(max-width: 75px) 100vw, 75px\" \/><\/p>\n<div style=\"padding-left: 100px;\">\n<h3>Performance das institui\u00e7\u00f5es<\/h3>\n<p>Estimulamos e promovemos a boa gest\u00e3o nas institui\u00e7\u00f5es de sa\u00fade parceiras, viabilizando a aplica\u00e7\u00e3o correta do aporte financeiro, elevando os indicadores de satisfa\u00e7\u00e3o dos pacientes, ao mesmo tempo em que todas as metas de neg\u00f3cio s\u00e3o eficientemente alcan\u00e7adas.<\/p>\n<\/div>\n<\/div><\/section><br \/>\n<div  style='height:20px' class='hr hr-invisible   avia-builder-el-11  el_after_av_textblock  el_before_av_textblock '><span class='hr-inner ' ><span class='hr-inner-style'><\/span><\/span><\/div><br \/>\n<section class=\"av_textblock_section \"  itemscope=\"itemscope\" itemtype=\"https:\/\/schema.org\/CreativeWork\" ><div class='avia_textblock  '  style='font-size:14px; '  itemprop=\"text\" ><p><a href=\"https:\/\/www.humanitar.com.br\/wp-content\/uploads\/2020\/07\/Grupo-8.png\"><img decoding=\"async\" class=\"alignleft wp-image-617 size-full\" src=\"https:\/\/www.humanitar.com.br\/wp-content\/uploads\/2020\/07\/Grupo-8.png\" alt=\"\" width=\"75\" height=\"75\" srcset=\"https:\/\/www.humanitar.com.br\/wp-content\/uploads\/2020\/07\/Grupo-8.png 75w, https:\/\/www.humanitar.com.br\/wp-content\/uploads\/2020\/07\/Grupo-8-36x36.png 36w\" sizes=\"(max-width: 75px) 100vw, 75px\" \/><\/a><\/p>\n<div style=\"padding-left: 100px;\">\n<h3>Atendimento emergencial<\/h3>\n<p>Estamos preparados para atendimento 24 horas, todos os dias da semana e garantimos a cobertura de qualquer servi\u00e7o m\u00e9dico com situa\u00e7\u00e3o emergencial em at\u00e9 48 horas ap\u00f3s a solicita\u00e7\u00e3o dos novos clientes, de Norte a Sul do Brasil.<\/p>\n<\/div>\n<\/div><\/section><br \/>\n<div  style='height:50px' class='hr hr-invisible   avia-builder-el-13  el_after_av_textblock  el_before_av_button '><span class='hr-inner ' ><span class='hr-inner-style'><\/span><\/span><\/div><br \/>\n<div  class='avia-button-wrap avia-button-left  avia-builder-el-14  el_after_av_hr  avia-builder-el-last  whats' ><a href='https:\/\/api.whatsapp.com\/send?phone=5511945508629&amp;text=Gostaria%20de%20tirar%20minhas%20d%C3%BAvidas%20sobre%20a%20Humanitar' class='avia-button  avia-color-theme-color-highlight   avia-icon_select-yes-left-icon avia-size-large avia-position-left ' target=\"_blank\" rel=\"noopener noreferrer\"><span class='avia_button_icon avia_button_icon_left ' aria-hidden='true' data-av_icon='\uf232' data-av_iconfont='entypo-fontello'><\/span><span class='avia_iconbox_title' >Fale conosco<\/span><\/a><\/div><\/p><\/div>\n<\/div><\/div><div class=\"flex_cell no_margin av_one_half  avia-builder-el-15  el_after_av_cell_one_half  avia-builder-el-last   \"  style='background:url(https:\/\/www.humanitar.com.br\/wp-content\/uploads\/2020\/08\/banner-internas-humanitar1.jpg) top left no-repeat scroll; vertical-align:top; padding:100px 8% 30px 155px ; ' ><div class='flex_cell_inner' ><\/div><\/div>\n<\/div>\n<div id='av-layout-grid-2'  class='av-layout-grid-container entry-content-wrapper main_color av-flex-cells     avia-builder-el-16  el_after_av_layout_row  avia-builder-el-last  submenu-not-first container_wrap sidebar_right' style=' '  >\n<div class=\"flex_cell no_margin av_one_half  avia-builder-el-17  el_before_av_cell_one_half  avia-builder-el-first   \" ><div class='flex_cell_inner' ><\/div><\/div><div class=\"flex_cell no_margin av_one_half  avia-builder-el-18  el_after_av_cell_one_half  avia-builder-el-last   \"  style='background:url(https:\/\/www.humanitar.com.br\/wp-content\/uploads\/2020\/08\/banner-internas-humanitar2.jpg) top left no-repeat scroll; vertical-align:top; padding:60px; ' ><div class='flex_cell_inner' ><\/div><\/div>\n<\/div>\n","protected":false},"excerpt":{"rendered":"","protected":false},"author":8,"featured_media":0,"parent":0,"menu_order":0,"comment_status":"closed","ping_status":"closed","template":"","meta":{"footnotes":""},"class_list":["post-808","page","type-page","status-publish","hentry"],"yoast_head":"<!-- This site is optimized with the Yoast SEO plugin v26.7 - https:\/\/yoast.com\/wordpress\/plugins\/seo\/ -->\n<title>Na luta contra a COVID-19 - Humanitar<\/title>\n<meta name=\"description\" content=\"- Saiba mais!\" \/>\n<meta name=\"robots\" content=\"index, follow, max-snippet:-1, max-image-preview:large, max-video-preview:-1\" \/>\n<link rel=\"canonical\" href=\"https:\/\/www.humanitar.com.br\/?page_id=808\" \/>\n<meta property=\"og:locale\" content=\"pt_BR\" \/>\n<meta property=\"og:type\" content=\"article\" \/>\n<meta property=\"og:title\" content=\"Na luta contra a COVID-19 - Humanitar\" \/>\n<meta property=\"og:description\" content=\"- Saiba mais!\" \/>\n<meta property=\"og:url\" content=\"https:\/\/www.humanitar.com.br\/?page_id=808\" \/>\n<meta property=\"og:site_name\" content=\"Humanitar\" \/>\n<meta property=\"article:modified_time\" content=\"2020-08-05T17:02:31+00:00\" \/>\n<meta property=\"og:image\" content=\"https:\/\/www.humanitar.com.br\/wp-content\/uploads\/2020\/07\/Grupo-7.png\" \/>\n<meta name=\"twitter:card\" content=\"summary_large_image\" \/>\n<meta name=\"twitter:label1\" content=\"Est. tempo de leitura\" \/>\n\t<meta name=\"twitter:data1\" content=\"7 minutos\" \/>\n<script type=\"application\/ld+json\" class=\"yoast-schema-graph\">{\"@context\":\"https:\/\/schema.org\",\"@graph\":[{\"@type\":\"WebPage\",\"@id\":\"https:\/\/www.humanitar.com.br\/?page_id=808\",\"url\":\"https:\/\/www.humanitar.com.br\/?page_id=808\",\"name\":\"Na luta contra a COVID-19 - Humanitar\",\"isPartOf\":{\"@id\":\"https:\/\/www.humanitar.com.br\/#website\"},\"primaryImageOfPage\":{\"@id\":\"https:\/\/www.humanitar.com.br\/?page_id=808#primaryimage\"},\"image\":{\"@id\":\"https:\/\/www.humanitar.com.br\/?page_id=808#primaryimage\"},\"thumbnailUrl\":\"https:\/\/www.humanitar.com.br\/wp-content\/uploads\/2020\/07\/Grupo-7.png\",\"datePublished\":\"2020-08-05T16:17:19+00:00\",\"dateModified\":\"2020-08-05T17:02:31+00:00\",\"description\":\"- Saiba mais!\",\"breadcrumb\":{\"@id\":\"https:\/\/www.humanitar.com.br\/?page_id=808#breadcrumb\"},\"inLanguage\":\"pt-BR\",\"potentialAction\":[{\"@type\":\"ReadAction\",\"target\":[\"https:\/\/www.humanitar.com.br\/?page_id=808\"]}]},{\"@type\":\"ImageObject\",\"inLanguage\":\"pt-BR\",\"@id\":\"https:\/\/www.humanitar.com.br\/?page_id=808#primaryimage\",\"url\":\"https:\/\/www.humanitar.com.br\/wp-content\/uploads\/2020\/07\/Grupo-7.png\",\"contentUrl\":\"https:\/\/www.humanitar.com.br\/wp-content\/uploads\/2020\/07\/Grupo-7.png\",\"width\":75,\"height\":75},{\"@type\":\"BreadcrumbList\",\"@id\":\"https:\/\/www.humanitar.com.br\/?page_id=808#breadcrumb\",\"itemListElement\":[{\"@type\":\"ListItem\",\"position\":1,\"name\":\"In\u00edcio\",\"item\":\"https:\/\/www.humanitar.com.br\/\"},{\"@type\":\"ListItem\",\"position\":2,\"name\":\"Na luta contra a COVID-19\"}]},{\"@type\":\"WebSite\",\"@id\":\"https:\/\/www.humanitar.com.br\/#website\",\"url\":\"https:\/\/www.humanitar.com.br\/\",\"name\":\"Humanitar\",\"description\":\"Servi\u00e7os m\u00e9dicos Humanizados.\",\"publisher\":{\"@id\":\"https:\/\/www.humanitar.com.br\/#organization\"},\"potentialAction\":[{\"@type\":\"SearchAction\",\"target\":{\"@type\":\"EntryPoint\",\"urlTemplate\":\"https:\/\/www.humanitar.com.br\/?s={search_term_string}\"},\"query-input\":{\"@type\":\"PropertyValueSpecification\",\"valueRequired\":true,\"valueName\":\"search_term_string\"}}],\"inLanguage\":\"pt-BR\"},{\"@type\":\"Organization\",\"@id\":\"https:\/\/www.humanitar.com.br\/#organization\",\"name\":\"Humanitar\",\"url\":\"https:\/\/www.humanitar.com.br\/\",\"logo\":{\"@type\":\"ImageObject\",\"inLanguage\":\"pt-BR\",\"@id\":\"https:\/\/www.humanitar.com.br\/#\/schema\/logo\/image\/\",\"url\":\"https:\/\/www.humanitar.com.br\/wp-content\/uploads\/2020\/07\/logo.png\",\"contentUrl\":\"https:\/\/www.humanitar.com.br\/wp-content\/uploads\/2020\/07\/logo.png\",\"width\":200,\"height\":60,\"caption\":\"Humanitar\"},\"image\":{\"@id\":\"https:\/\/www.humanitar.com.br\/#\/schema\/logo\/image\/\"}}]}<\/script>\n<!-- \/ Yoast SEO plugin. -->","yoast_head_json":{"title":"Na luta contra a COVID-19 - Humanitar","description":"- Saiba mais!","robots":{"index":"index","follow":"follow","max-snippet":"max-snippet:-1","max-image-preview":"max-image-preview:large","max-video-preview":"max-video-preview:-1"},"canonical":"https:\/\/www.humanitar.com.br\/?page_id=808","og_locale":"pt_BR","og_type":"article","og_title":"Na luta contra a COVID-19 - Humanitar","og_description":"- Saiba mais!","og_url":"https:\/\/www.humanitar.com.br\/?page_id=808","og_site_name":"Humanitar","article_modified_time":"2020-08-05T17:02:31+00:00","og_image":[{"url":"https:\/\/www.humanitar.com.br\/wp-content\/uploads\/2020\/07\/Grupo-7.png","type":"","width":"","height":""}],"twitter_card":"summary_large_image","twitter_misc":{"Est. tempo de leitura":"7 minutos"},"schema":{"@context":"https:\/\/schema.org","@graph":[{"@type":"WebPage","@id":"https:\/\/www.humanitar.com.br\/?page_id=808","url":"https:\/\/www.humanitar.com.br\/?page_id=808","name":"Na luta contra a COVID-19 - Humanitar","isPartOf":{"@id":"https:\/\/www.humanitar.com.br\/#website"},"primaryImageOfPage":{"@id":"https:\/\/www.humanitar.com.br\/?page_id=808#primaryimage"},"image":{"@id":"https:\/\/www.humanitar.com.br\/?page_id=808#primaryimage"},"thumbnailUrl":"https:\/\/www.humanitar.com.br\/wp-content\/uploads\/2020\/07\/Grupo-7.png","datePublished":"2020-08-05T16:17:19+00:00","dateModified":"2020-08-05T17:02:31+00:00","description":"- Saiba mais!","breadcrumb":{"@id":"https:\/\/www.humanitar.com.br\/?page_id=808#breadcrumb"},"inLanguage":"pt-BR","potentialAction":[{"@type":"ReadAction","target":["https:\/\/www.humanitar.com.br\/?page_id=808"]}]},{"@type":"ImageObject","inLanguage":"pt-BR","@id":"https:\/\/www.humanitar.com.br\/?page_id=808#primaryimage","url":"https:\/\/www.humanitar.com.br\/wp-content\/uploads\/2020\/07\/Grupo-7.png","contentUrl":"https:\/\/www.humanitar.com.br\/wp-content\/uploads\/2020\/07\/Grupo-7.png","width":75,"height":75},{"@type":"BreadcrumbList","@id":"https:\/\/www.humanitar.com.br\/?page_id=808#breadcrumb","itemListElement":[{"@type":"ListItem","position":1,"name":"In\u00edcio","item":"https:\/\/www.humanitar.com.br\/"},{"@type":"ListItem","position":2,"name":"Na luta contra a COVID-19"}]},{"@type":"WebSite","@id":"https:\/\/www.humanitar.com.br\/#website","url":"https:\/\/www.humanitar.com.br\/","name":"Humanitar","description":"Servi\u00e7os m\u00e9dicos Humanizados.","publisher":{"@id":"https:\/\/www.humanitar.com.br\/#organization"},"potentialAction":[{"@type":"SearchAction","target":{"@type":"EntryPoint","urlTemplate":"https:\/\/www.humanitar.com.br\/?s={search_term_string}"},"query-input":{"@type":"PropertyValueSpecification","valueRequired":true,"valueName":"search_term_string"}}],"inLanguage":"pt-BR"},{"@type":"Organization","@id":"https:\/\/www.humanitar.com.br\/#organization","name":"Humanitar","url":"https:\/\/www.humanitar.com.br\/","logo":{"@type":"ImageObject","inLanguage":"pt-BR","@id":"https:\/\/www.humanitar.com.br\/#\/schema\/logo\/image\/","url":"https:\/\/www.humanitar.com.br\/wp-content\/uploads\/2020\/07\/logo.png","contentUrl":"https:\/\/www.humanitar.com.br\/wp-content\/uploads\/2020\/07\/logo.png","width":200,"height":60,"caption":"Humanitar"},"image":{"@id":"https:\/\/www.humanitar.com.br\/#\/schema\/logo\/image\/"}}]}},"_links":{"self":[{"href":"https:\/\/www.humanitar.com.br\/index.php?rest_route=\/wp\/v2\/pages\/808","targetHints":{"allow":["GET"]}}],"collection":[{"href":"https:\/\/www.humanitar.com.br\/index.php?rest_route=\/wp\/v2\/pages"}],"about":[{"href":"https:\/\/www.humanitar.com.br\/index.php?rest_route=\/wp\/v2\/types\/page"}],"author":[{"embeddable":true,"href":"https:\/\/www.humanitar.com.br\/index.php?rest_route=\/wp\/v2\/users\/8"}],"replies":[{"embeddable":true,"href":"https:\/\/www.humanitar.com.br\/index.php?rest_route=%2Fwp%2Fv2%2Fcomments&post=808"}],"version-history":[{"count":6,"href":"https:\/\/www.humanitar.com.br\/index.php?rest_route=\/wp\/v2\/pages\/808\/revisions"}],"predecessor-version":[{"id":823,"href":"https:\/\/www.humanitar.com.br\/index.php?rest_route=\/wp\/v2\/pages\/808\/revisions\/823"}],"wp:attachment":[{"href":"https:\/\/www.humanitar.com.br\/index.php?rest_route=%2Fwp%2Fv2%2Fmedia&parent=808"}],"curies":[{"name":"wp","href":"https:\/\/api.w.org\/{rel}","templated":true}]}}